{"id":9058,"date":"2022-07-28T22:44:13","date_gmt":"2022-07-28T22:44:13","guid":{"rendered":"https:\/\/middle-east-eg.com\/?post_type=product&#038;p=9058"},"modified":"2025-07-07T13:23:50","modified_gmt":"2025-07-07T13:23:50","slug":"%d8%aa%d9%83%d9%8a%d9%8a%d9%81-%d8%b4%d8%a7%d8%b1%d8%a8-2-25-%d8%ad%d8%b5%d8%a7%d9%86-%d8%a5%d8%b3%d8%a8%d9%84%d9%8a%d8%aa-%d8%a8%d8%a7%d8%b1%d8%af-%d9%85%d8%b2%d9%88%d8%af-%d8%a8%d8%ae%d8%a7%d8%b5","status":"publish","type":"product","link":"https:\/\/middle-east-eg.com\/en\/product\/%d8%aa%d9%83%d9%8a%d9%8a%d9%81-%d8%b4%d8%a7%d8%b1%d8%a8-2-25-%d8%ad%d8%b5%d8%a7%d9%86-%d8%a5%d8%b3%d8%a8%d9%84%d9%8a%d8%aa-%d8%a8%d8%a7%d8%b1%d8%af-%d9%85%d8%b2%d9%88%d8%af-%d8%a8%d8%ae%d8%a7%d8%b5\/","title":{"rendered":"\u062a\u0643\u064a\u064a\u0641 \u0634\u0627\u0631\u0628 2.25 \u062d\u0635\u0627\u0646 \u0625\u0633\u0628\u0644\u064a\u062a \u0628\u0627\u0631\u062f \u0627\u0646\u0641\u0631\u062a\u0631 \u0645\u0632\u0648\u062f \u0628\u062e\u0627\u0635\u064a\u0629 \u0627\u0644\u0628\u0644\u0627\u0632\u0645\u0627 \u0643\u0644\u0627\u0633\u062a\u0631 AH-XP18UHE"},"content":{"rendered":"<p>Details of inverter conditioning 2.25 HP cold cooling capacity: 17.500 (FHP \/ H) inverter technology: \u2013 advanced technology contributes to reducing costs and energy consumption by switching the compressor between high and low operating modes instead of turning it on and off. Echo mode: - the air conditioner works with a lower power consumption than usual in this mode in two steps by remote control. LED display: display the temperature setting on the IDU plasma ion block: - Sharp's unique Plasmauster technology uses positive and negative ion procedures to clean bacteria and viruses inside rooms. Self-cleaning with a plasma kit. Mchx super technology jet function: - the air conditioner runs at maximum power to cool the room quickly. Coanda gentle cool air: - the Coanda mode provides gentle cool air through the ceiling instead of down through the floor to prevent the air from getting colder. 4 automatic swing directions: - the ventilation holes can move up, down, left and right automatically. Washing function: - this makes it easy to dry the laundry indoors, with highly concentrated plasma ions. \u2013 Drying function \u2013 automatic operation \u2013 12 \u2013 hour on \/ off timer \u2013 LCD wireless remote control \u2013 (automatic and 3 steps) for speed settings \u2013 use of environmentally friendly Freon (R410a) \u2013 anti \u2013 corrosion (external side) \u2013 low noise - connection length: 3 m high power rating: 11.36 BTU \/ W dimensions (Width \u00d7 Height \u00d7 depth) mm: - internal unit: 1050 \u00d7 313 \u00d7 250 external unit: 760 \u00d7 540 \u00d7 269 net weight: - indoor unit: 12kg outdoor unit: 29kg warranty: 5 years comprehensive free warranty<\/p>","protected":false},"excerpt":{"rendered":"<table id=\"product-attribute-specs-table\" class=\"data table additional-attributes\">\n<tbody>\n<tr>\n<th class=\"col label\" scope=\"row\">SKU<\/th>\n<td class=\"col data\" data-th=\"SKU\">AH-XP18UHE_New<\/td>\n<\/tr>\n<tr>\n<th class=\"col label\" scope=\"row\">Inverter<\/th>\n<td class=\"col data\" data-th=\"\u0627\u0646\u0641\u0631\u062a\u0631\">Yes<\/td>\n<\/tr>\n<tr>\n<th class=\"col label\" scope=\"row\">Brand<\/th>\n<td class=\"col data\" data-th=\"\u0627\u0644\u0645\u0627\u0631\u0643\u0629\">Sharp<\/td>\n<\/tr>\n<tr>\n<th class=\"col label\" scope=\"row\">Plasma<\/th>\n<td class=\"col data\" data-th=\"\u0628\u0644\u0627\u0632\u0645\u0627\">Plasma<\/td>\n<\/tr>\n<tr>\n<th class=\"col label\" scope=\"row\">HP<\/th>\n<td class=\"col data\" data-th=\"\u0627\u0644\u0642\u062f\u0631\u0629 \u0628\u0627\u0644\u062d\u0635\u0627\u0646\">2.25<\/td>\n<\/tr>\n<tr>\n<th class=\"col label\" scope=\"row\">Ventilation System<\/th>\n<td class=\"col data\" data-th=\"\u0646\u0638\u0627\u0645 \u0627\u0644\u062a\u0647\u0648\u064a\u0629\">Cold<\/td>\n<\/tr>\n<tr>\n<th class=\"col label\" scope=\"row\">Installation System<\/th>\n<td class=\"col data\" data-th=\"\u0646\u0638\u0627\u0645 \u0627\u0644\u062a\u062b\u0628\u064a\u062a\">Wall<\/td>\n<\/tr>\n<\/tbody>\n<\/table>","protected":false},"featured_media":9056,"comment_status":"open","ping_status":"closed","template":"","meta":[],"product_cat":[78,77,105],"product_tag":[],"class_list":["post-9058","product","type-product","status-publish","has-post-thumbnail","hentry","product_cat-78","product_cat-77","product_cat--2-25-"],"_links":{"self":[{"href":"https:\/\/middle-east-eg.com\/en\/wp-json\/wp\/v2\/product\/9058","targetHints":{"allow":["GET"]}}],"collection":[{"href":"https:\/\/middle-east-eg.com\/en\/wp-json\/wp\/v2\/product"}],"about":[{"href":"https:\/\/middle-east-eg.com\/en\/wp-json\/wp\/v2\/types\/product"}],"replies":[{"embeddable":true,"href":"https:\/\/middle-east-eg.com\/en\/wp-json\/wp\/v2\/comments?post=9058"}],"version-history":[{"count":2,"href":"https:\/\/middle-east-eg.com\/en\/wp-json\/wp\/v2\/product\/9058\/revisions"}],"predecessor-version":[{"id":9680,"href":"https:\/\/middle-east-eg.com\/en\/wp-json\/wp\/v2\/product\/9058\/revisions\/9680"}],"wp:featuredmedia":[{"embeddable":true,"href":"https:\/\/middle-east-eg.com\/en\/wp-json\/wp\/v2\/media\/9056"}],"wp:attachment":[{"href":"https:\/\/middle-east-eg.com\/en\/wp-json\/wp\/v2\/media?parent=9058"}],"wp:term":[{"taxonomy":"product_cat","embeddable":true,"href":"https:\/\/middle-east-eg.com\/en\/wp-json\/wp\/v2\/product_cat?post=9058"},{"taxonomy":"product_tag","embeddable":true,"href":"https:\/\/middle-east-eg.com\/en\/wp-json\/wp\/v2\/product_tag?post=9058"}],"curies":[{"name":"wp","href":"https:\/\/api.w.org\/{rel}","templated":true}]}}