{"id":9412,"date":"2022-08-22T21:09:07","date_gmt":"2022-08-22T21:09:07","guid":{"rendered":"https:\/\/middle-east-eg.com\/?post_type=product&#038;p=9412"},"modified":"2025-07-07T14:21:53","modified_gmt":"2025-07-07T14:21:53","slug":"%d9%85%d9%86%d9%82%d9%8a-%d9%87%d9%88%d8%a7%d8%a1-%d8%b4%d8%a7%d8%b1%d8%a8-%d8%a8%d8%ae%d8%a7%d8%b5%d9%8a%d8%a9-%d8%a7%d9%84%d8%aa%d8%b1%d8%b7%d9%8a%d8%a8-%d9%85%d8%b3%d8%a7%d8%ad%d8%a9-28-%d9%85","status":"publish","type":"product","link":"https:\/\/middle-east-eg.com\/en\/product\/%d9%85%d9%86%d9%82%d9%8a-%d9%87%d9%88%d8%a7%d8%a1-%d8%b4%d8%a7%d8%b1%d8%a8-%d8%a8%d8%ae%d8%a7%d8%b5%d9%8a%d8%a9-%d8%a7%d9%84%d8%aa%d8%b1%d8%b7%d9%8a%d8%a8-%d9%85%d8%b3%d8%a7%d8%ad%d8%a9-28-%d9%85\/","title":{"rendered":"Sharp Air Purifier with Humidification Function 21m2 KC-F30SA-W"},"content":{"rendered":"<h2><strong>Price and specifications of a humidifying drinker air purifier<\/strong><\/h2>\n<p class=\" translation-block\">Sharp air purifier with humidification and plasma cluster<br>\nCovers area: 28 M2<br>\nIon generator: 7000 ions (W\/cm3 )<br>\nAir purifier color: white<br>\nTimer: on \/ off (up to 8 hours )<br>\nMind child tampering<br>\nShelf life of filters : one year<\/p>\n<p><strong>\u0627\u0644\u0641\u0644\u0627\u062a\u0631 :-<\/strong><br \/>\n&#8211; \u0641\u0644\u062a\u0631 \u0625\u0628\u062a\u062f\u0627\u0626\u064a \u0642\u0627\u0628\u0644 \u0644\u0644\u063a\u0633\u064a\u0644 ( \u062d\u0627\u062c\u0632 \u0644\u0644\u0623\u062a\u0631\u0628\u0629 \u0627\u0644\u0646\u0627\u0639\u0645\u0629 )<br \/>\n&#8211; \u0641\u0644\u062a\u0631 PANDA \u0644\u0625\u0632\u0627\u0644\u0629 \u0627\u0644\u0631\u0648\u0627\u0626\u062d ( VOC,NOx,Sox ) \u063a\u064a\u0631 \u0642\u0627\u0628\u0644 \u0644\u0644\u063a\u0633\u064a\u0644<br \/>\n&#8211; \u0641\u0644\u062a\u0631 \u0647\u064a\u0628\u0627 \u0627\u0644\u0643\u062a\u0631\u0648\u0633\u062a\u0627\u062a\u064a\u0643\u064a \u063a\u064a\u0631 \u0642\u0627\u0628\u0644 \u0644\u0644\u063a\u0633\u064a\u0644 (\u00a0%99.97 )<br \/>\n&#8211; \u0641\u0644\u062a\u0631 \u0644\u0644\u062a\u0631\u0637\u064a\u0628 \u0642\u0627\u0628\u0644 \u0644\u0644\u063a\u0633\u064a\u0644<\/p>\n<p class=\" translation-block\"><strong>automatic mode sensors: - <\/strong><br>\n4 sensors sense 5 factors for detection and precise control of automatic operation<br>\nSensors: dust sensitivity (PM2.5 \u2013 house dust) \u2013 heat \u2013 humidity \u2013 light<br>\nOperating modes: high-medium-low-dust storms-still<\/p>\n<p class=\" translation-block\"><strong>electricity consumption (low \/ medium \/ high) watt\/ hour for Speed: - <\/strong><br>\nWithout hydration : ( 5.0 \/ 12 \/ 31 ) <br>\nMoisturizing : ( 6.5 \/ 14 \/ 24 )<\/p>\n<p class=\" translation-block\"><strong>air purifier dimensions ( mm): - <\/strong><br>\nWidth \u00d7 height \u00d7 depth: 345 \u00d7 631 \u00d7 262<\/p>\n<p class=\" translation-block\"><strong>weight<\/strong> : - <br>\nNet weight: 9.2 kg<br>\nGross weight : 11kg<\/p>\n<p><strong>Country of origin :<\/strong>\u00a0China<\/p>\n<p class=\" translation-block\"><strong>warranty: <\/strong> one-year comprehensive free warranty<\/p>\n<p><strong>All the technical specifications described and specific to the product have been confirmed through the technical specification and catalogs issued from the manufacturer producing the device without the slightest responsibility on Air Group for air conditioning and trade<\/strong><\/p>\n<p><strong>\u00a0<\/strong><\/p>\n<p><strong>The manufacturer also reserves the right to change the specifications of the product without prior notification in accordance with its development policy<\/strong><\/p>","protected":false},"excerpt":{"rendered":"<p class=\" translation-block\"><strong>covers an area of: <\/strong> 28 M2<br>\n<strong>air purifier color: <\/strong> white<br>\n<strong>operating modes: <\/strong> high \u2013 medium-low-dust storms-still<br>\n<strong>country of origin: <\/strong> China<br>\n<strong>one-year comprehensive free warranty<\/strong><\/p>","protected":false},"featured_media":9413,"comment_status":"open","ping_status":"closed","template":"","meta":[],"product_cat":[128],"product_tag":[],"class_list":["post-9412","product","type-product","status-publish","has-post-thumbnail","hentry","product_cat-128"],"_links":{"self":[{"href":"https:\/\/middle-east-eg.com\/en\/wp-json\/wp\/v2\/product\/9412","targetHints":{"allow":["GET"]}}],"collection":[{"href":"https:\/\/middle-east-eg.com\/en\/wp-json\/wp\/v2\/product"}],"about":[{"href":"https:\/\/middle-east-eg.com\/en\/wp-json\/wp\/v2\/types\/product"}],"replies":[{"embeddable":true,"href":"https:\/\/middle-east-eg.com\/en\/wp-json\/wp\/v2\/comments?post=9412"}],"version-history":[{"count":3,"href":"https:\/\/middle-east-eg.com\/en\/wp-json\/wp\/v2\/product\/9412\/revisions"}],"predecessor-version":[{"id":9658,"href":"https:\/\/middle-east-eg.com\/en\/wp-json\/wp\/v2\/product\/9412\/revisions\/9658"}],"wp:featuredmedia":[{"embeddable":true,"href":"https:\/\/middle-east-eg.com\/en\/wp-json\/wp\/v2\/media\/9413"}],"wp:attachment":[{"href":"https:\/\/middle-east-eg.com\/en\/wp-json\/wp\/v2\/media?parent=9412"}],"wp:term":[{"taxonomy":"product_cat","embeddable":true,"href":"https:\/\/middle-east-eg.com\/en\/wp-json\/wp\/v2\/product_cat?post=9412"},{"taxonomy":"product_tag","embeddable":true,"href":"https:\/\/middle-east-eg.com\/en\/wp-json\/wp\/v2\/product_tag?post=9412"}],"curies":[{"name":"wp","href":"https:\/\/api.w.org\/{rel}","templated":true}]}}