{"id":9419,"date":"2022-08-22T21:15:30","date_gmt":"2022-08-22T21:15:30","guid":{"rendered":"https:\/\/middle-east-eg.com\/?post_type=product&#038;p=9419"},"modified":"2025-07-07T14:21:12","modified_gmt":"2025-07-07T14:21:12","slug":"%d9%85%d9%86%d9%82%d9%8a-%d9%87%d9%88%d8%a7%d8%a1-%d8%b4%d8%a7%d8%b1%d8%a8-%d8%a8%d8%ae%d8%a7%d8%b5%d9%8a%d8%a9-%d8%a7%d9%84%d8%aa%d8%b1%d8%b7%d9%8a%d8%a8-%d9%85%d8%b3%d8%a7%d8%ad%d8%a9-21%d9%852-kc-f","status":"publish","type":"product","link":"https:\/\/middle-east-eg.com\/en\/product\/%d9%85%d9%86%d9%82%d9%8a-%d9%87%d9%88%d8%a7%d8%a1-%d8%b4%d8%a7%d8%b1%d8%a8-%d8%a8%d8%ae%d8%a7%d8%b5%d9%8a%d8%a9-%d8%a7%d9%84%d8%aa%d8%b1%d8%b7%d9%8a%d8%a8-%d9%85%d8%b3%d8%a7%d8%ad%d8%a9-21%d9%852-kc-f\/","title":{"rendered":"Sharp Air Purifier with Humidification Function 21m2 KC-F30SA-W"},"content":{"rendered":"<h2>Price and specifications of sharp air purifier<\/h2>\n<p class=\" translation-block\">Sharp air purifier with humidification and plasma cluster<br>\nCovers Area: 21 M2<br>\nIon generator: 7000 ion W \/ cm3<br>\nAir purifier color: white<br>\nStylish design<br>\nSensors: dust \u2013 temperature-humidity<br>\nTimer: on \/ off (up to 8 hours )<br>\nMind against child tampering<br>\nFilters lifetime: one year<\/p>\n<p><strong>\u0641\u0644\u0627\u062a\u0631 \u0645\u0646\u0642\u064a \u0627\u0644\u0647\u0648\u0627\u0621 :-<\/strong><br \/>\n&#8211; \u0641\u0644\u062a\u0631 \u0627\u0628\u062a\u062f\u0627\u0626\u064a \u0642\u0627\u0628\u0644 \u0644\u0644\u063a\u0633\u064a\u0644 ( \u0623\u062a\u0631\u0628\u0629 )<br \/>\n&#8211; \u0641\u0644\u062a\u0631 \u062a\u0631\u0637\u064a\u0628 \u0642\u0627\u0628\u0644 \u0644\u0644\u063a\u0633\u064a\u0644<br \/>\n&#8211; \u0641\u0644\u062a\u0631 \u0647\u064a\u0628\u0627 \u063a\u064a\u0631 \u0642\u0627\u0628\u0644 \u0644\u0644\u063a\u0633\u064a\u0644 ( %99.97 )<br \/>\n&#8211; \u0641\u0644\u062a\u0631 \u0631\u0648\u0627\u0626\u062d \u0643\u0631\u064a\u0647\u0629 \u063a\u064a\u0631 \u0642\u0627\u0628\u0644 \u0644\u0644\u063a\u0633\u064a\u0644<\/p>\n<p class=\" translation-block\"><strong>operating modes: <\/strong> low \u2013 medium-high-automatic-dust storms-still<\/p>\n<p class=\" translation-block\"><strong>electricity consumption (low \/ medium \/ high ) in watts \/ hour per Speed : - <\/strong><br>\nWithout humidification : ( 4.1 \/ 12 \/ 27 ) <br>\nWith hydration : ( 4.1 \/ 12 \/ 27 )<\/p>\n<p class=\" translation-block\"><strong>air purifier dimensions ( mm): - <\/strong><br>\nWidth \u00d7 height \u00d7 depth: 380 \u00d7 570 \u00d7 197<\/p>\n<p class=\" translation-block\"><strong>weight: - <\/strong><br>\nNet weight: 7.2 kg<br>\nGross weight: 8.8 kg<\/p>\n<p><strong>Country of origin :<\/strong>\u00a0China<\/p>\n<p class=\" translation-block\"><strong>air purifier warranty: <\/strong> one year comprehensive free warranty<\/p>\n<p><strong>All the technical specifications described and specific to the product have been confirmed through the technical specification and catalogs issued from the manufacturer producing the device without the slightest responsibility on Air Group for air conditioning and trade<\/strong><\/p>\n<p><strong>\u00a0<\/strong><\/p>\n<p><strong>The manufacturer also reserves the right to change the specifications of the product without prior notification in accordance with its development policy<\/strong><\/p>","protected":false},"excerpt":{"rendered":"<p class=\" translation-block\">Covers Area: 21 M2<br>\nAir purifier color: white<br>\nOperating modes: low \u2013 medium \u2013 high \u2013 automatic \u2013 dust storms-still<br>\nCountry of origin: China<br>\nOne year comprehensive free warranty<\/p>","protected":false},"featured_media":9420,"comment_status":"open","ping_status":"closed","template":"","meta":[],"product_cat":[128],"product_tag":[],"class_list":["post-9419","product","type-product","status-publish","has-post-thumbnail","hentry","product_cat-128"],"_links":{"self":[{"href":"https:\/\/middle-east-eg.com\/en\/wp-json\/wp\/v2\/product\/9419","targetHints":{"allow":["GET"]}}],"collection":[{"href":"https:\/\/middle-east-eg.com\/en\/wp-json\/wp\/v2\/product"}],"about":[{"href":"https:\/\/middle-east-eg.com\/en\/wp-json\/wp\/v2\/types\/product"}],"replies":[{"embeddable":true,"href":"https:\/\/middle-east-eg.com\/en\/wp-json\/wp\/v2\/comments?post=9419"}],"version-history":[{"count":1,"href":"https:\/\/middle-east-eg.com\/en\/wp-json\/wp\/v2\/product\/9419\/revisions"}],"predecessor-version":[{"id":9421,"href":"https:\/\/middle-east-eg.com\/en\/wp-json\/wp\/v2\/product\/9419\/revisions\/9421"}],"wp:featuredmedia":[{"embeddable":true,"href":"https:\/\/middle-east-eg.com\/en\/wp-json\/wp\/v2\/media\/9420"}],"wp:attachment":[{"href":"https:\/\/middle-east-eg.com\/en\/wp-json\/wp\/v2\/media?parent=9419"}],"wp:term":[{"taxonomy":"product_cat","embeddable":true,"href":"https:\/\/middle-east-eg.com\/en\/wp-json\/wp\/v2\/product_cat?post=9419"},{"taxonomy":"product_tag","embeddable":true,"href":"https:\/\/middle-east-eg.com\/en\/wp-json\/wp\/v2\/product_tag?post=9419"}],"curies":[{"name":"wp","href":"https:\/\/api.w.org\/{rel}","templated":true}]}}